{"id":14,"date":"2023-04-24T11:27:51","date_gmt":"2023-04-24T09:27:51","guid":{"rendered":"http:\/\/nordlobasis.ldp.no\/?page_id=14"},"modified":"2023-06-02T12:28:10","modified_gmt":"2023-06-02T10:28:10","slug":"om-oss","status":"publish","type":"page","link":"https:\/\/nordlobasis.ldp.no\/?page_id=14","title":{"rendered":"Om oss"},"content":{"rendered":"\t\t<div data-elementor-type=\"wp-page\" data-elementor-id=\"14\" class=\"elementor elementor-14\" data-elementor-post-type=\"page\">\n\t\t\t\t\t\t<section class=\"elementor-section elementor-top-section elementor-element elementor-element-931b31c elementor-section-boxed elementor-section-height-default elementor-section-height-default\" data-id=\"931b31c\" data-element_type=\"section\">\n\t\t\t\t\t\t<div class=\"elementor-container elementor-column-gap-default\">\n\t\t\t\t\t<div class=\"elementor-column elementor-col-100 elementor-top-column elementor-element elementor-element-901f722\" data-id=\"901f722\" data-element_type=\"column\">\n\t\t\t<div class=\"elementor-widget-wrap elementor-element-populated\">\n\t\t\t\t\t\t<div class=\"elementor-element elementor-element-71cc2ae elementor-widget elementor-widget-spacer\" data-id=\"71cc2ae\" data-element_type=\"widget\" data-widget_type=\"spacer.default\">\n\t\t\t\t<div class=\"elementor-widget-container\">\n\t\t\t\t\t\t\t<div class=\"elementor-spacer\">\n\t\t\t<div class=\"elementor-spacer-inner\"><\/div>\n\t\t<\/div>\n\t\t\t\t\t\t<\/div>\n\t\t\t\t<\/div>\n\t\t\t\t<section class=\"elementor-section elementor-inner-section elementor-element elementor-element-7a2a4d3 elementor-section-boxed elementor-section-height-default elementor-section-height-default\" data-id=\"7a2a4d3\" data-element_type=\"section\">\n\t\t\t\t\t\t<div class=\"elementor-container elementor-column-gap-default\">\n\t\t\t\t\t<div class=\"elementor-column elementor-col-50 elementor-inner-column elementor-element elementor-element-e95969c\" data-id=\"e95969c\" data-element_type=\"column\">\n\t\t\t<div class=\"elementor-widget-wrap\">\n\t\t\t\t\t\t\t<\/div>\n\t\t<\/div>\n\t\t\t\t<div class=\"elementor-column elementor-col-50 elementor-inner-column elementor-element elementor-element-e1d3f2e\" data-id=\"e1d3f2e\" data-element_type=\"column\">\n\t\t\t<div class=\"elementor-widget-wrap\">\n\t\t\t\t\t\t\t<\/div>\n\t\t<\/div>\n\t\t\t\t\t<\/div>\n\t\t<\/section>\n\t\t\t\t\t<\/div>\n\t\t<\/div>\n\t\t\t\t\t<\/div>\n\t\t<\/section>\n\t\t\t\t<section class=\"elementor-section elementor-top-section elementor-element elementor-element-9948e2c elementor-section-boxed elementor-section-height-default elementor-section-height-default\" data-id=\"9948e2c\" data-element_type=\"section\">\n\t\t\t\t\t\t<div class=\"elementor-container elementor-column-gap-default\">\n\t\t\t\t\t<div class=\"elementor-column elementor-col-50 elementor-top-column elementor-element elementor-element-791045f\" data-id=\"791045f\" data-element_type=\"column\">\n\t\t\t<div class=\"elementor-widget-wrap elementor-element-populated\">\n\t\t\t\t\t\t<div class=\"elementor-element elementor-element-f01b942 elementor-widget elementor-widget-heading\" data-id=\"f01b942\" data-element_type=\"widget\" data-widget_type=\"heading.default\">\n\t\t\t\t<div class=\"elementor-widget-container\">\n\t\t\t\t\t<h2 class=\"elementor-heading-title elementor-size-default\">Om oss<\/h2>\t\t\t\t<\/div>\n\t\t\t\t<\/div>\n\t\t\t\t<div class=\"elementor-element elementor-element-18423b2 elementor-widget elementor-widget-text-editor\" data-id=\"18423b2\" data-element_type=\"widget\" data-widget_type=\"text-editor.default\">\n\t\t\t\t<div class=\"elementor-widget-container\">\n\t\t\t\t\t\t\t\t\t<p>Velkomen til [Namnet p\u00e5 bedrifta]!<\/p><p>Vi er ein [bransje]-bedrift som er stolte av \u00e5 tilby [produkt\/teneste] av h\u00f8g kvalitet til kundane v\u00e5re. Visjonen v\u00e5r er \u00e5 [beskriv bedriftas visjon], og vi jobbar hardt kvar dag for \u00e5 oppn\u00e5 dette m\u00e5let.<\/p><p>[Bedriftas navn] vart grunnlagt i [\u00e5rstal] av [namn p\u00e5 grunnleggjaren\/grunnleggjarane] med ein visjon om \u00e5 [beskriv grunnleggjarens visjon]. Sidan den gong har vi vokse og utvikla oss til \u00e5 verte ein leiande akt\u00f8r i [bransjen].<\/p><p>Teamet v\u00e5rt best\u00e5r av [tal p\u00e5 tilsette] dedikerte tilsette som alle deler v\u00e5r visjon og jobbar saman for \u00e5 skape dei beste produktene og tenestene for kundane v\u00e5re. Vi er stolte av \u00e5 ha eit sterkt og mangfaldig team som representerer ei rekke ulike bakgrunnar og erfaringar.<\/p><p>Vi trur p\u00e5 \u00e5 gi tilbake til samfunnet og st\u00f8ttar ei rekke veldedige organisasjonar og initiativ. Vi er opptatt av \u00e5 vere ein berekraftig bedrift og jobbar aktivt for \u00e5 redusere v\u00e5r milj\u00f8p\u00e5verknad og forbetre v\u00e5re berekraftspraksisar.<\/p><p>Vi set stor pris p\u00e5 kundane v\u00e5re og er takksame for st\u00f8tta deira. Vi er alltid opne for tilbakemeldingar og forslag til forbetringar, s\u00e5 ikkje n\u00f8l med \u00e5 kontakte oss dersom du har nokon sp\u00f8rsm\u00e5l eller kommentarar.<\/p><p>Takk for at du bes\u00f8ker nettsida v\u00e5r, og vi ser fram til \u00e5 hjelpe deg med dine behov!<\/p><p>Med venleg helsing, [Bedriftas navn]<\/p>\t\t\t\t\t\t\t\t<\/div>\n\t\t\t\t<\/div>\n\t\t\t\t\t<\/div>\n\t\t<\/div>\n\t\t\t\t<div class=\"elementor-column elementor-col-50 elementor-top-column elementor-element elementor-element-60a93b1\" data-id=\"60a93b1\" data-element_type=\"column\">\n\t\t\t<div class=\"elementor-widget-wrap elementor-element-populated\">\n\t\t\t\t\t\t<div class=\"elementor-element elementor-element-00efc2f elementor-widget elementor-widget-image\" data-id=\"00efc2f\" data-element_type=\"widget\" data-widget_type=\"image.default\">\n\t\t\t\t<div class=\"elementor-widget-container\">\n\t\t\t\t\t\t\t\t\t\t\t\t\t\t\t<img fetchpriority=\"high\" decoding=\"async\" width=\"692\" height=\"1037\" src=\"https:\/\/nordlobasis.ldp.no\/wp-content\/uploads\/2023\/04\/om_oss.png\" class=\"attachment-full size-full wp-image-77\" alt=\"\" srcset=\"https:\/\/nordlobasis.ldp.no\/wp-content\/uploads\/2023\/04\/om_oss.png 692w, https:\/\/nordlobasis.ldp.no\/wp-content\/uploads\/2023\/04\/om_oss-200x300.png 200w, https:\/\/nordlobasis.ldp.no\/wp-content\/uploads\/2023\/04\/om_oss-683x1024.png 683w\" sizes=\"(max-width: 692px) 100vw, 692px\" \/>\t\t\t\t\t\t\t\t\t\t\t\t\t\t\t<\/div>\n\t\t\t\t<\/div>\n\t\t\t\t\t<\/div>\n\t\t<\/div>\n\t\t\t\t\t<\/div>\n\t\t<\/section>\n\t\t\t\t<section class=\"elementor-section elementor-top-section elementor-element elementor-element-6e3d27b elementor-section-boxed elementor-section-height-default elementor-section-height-default\" data-id=\"6e3d27b\" data-element_type=\"section\">\n\t\t\t\t\t\t<div class=\"elementor-container elementor-column-gap-default\">\n\t\t\t\t\t<div class=\"elementor-column elementor-col-100 elementor-top-column elementor-element elementor-element-f610a25\" data-id=\"f610a25\" data-element_type=\"column\">\n\t\t\t<div class=\"elementor-widget-wrap elementor-element-populated\">\n\t\t\t\t\t\t<div class=\"elementor-element elementor-element-71eabbd elementor-widget elementor-widget-spacer\" data-id=\"71eabbd\" data-element_type=\"widget\" data-widget_type=\"spacer.default\">\n\t\t\t\t<div class=\"elementor-widget-container\">\n\t\t\t\t\t\t\t<div class=\"elementor-spacer\">\n\t\t\t<div class=\"elementor-spacer-inner\"><\/div>\n\t\t<\/div>\n\t\t\t\t\t\t<\/div>\n\t\t\t\t<\/div>\n\t\t\t\t<section class=\"elementor-section elementor-inner-section elementor-element elementor-element-f57212e elementor-section-boxed elementor-section-height-default elementor-section-height-default\" data-id=\"f57212e\" data-element_type=\"section\">\n\t\t\t\t\t\t<div class=\"elementor-container elementor-column-gap-default\">\n\t\t\t\t\t<div class=\"elementor-column elementor-col-50 elementor-inner-column elementor-element elementor-element-b5a2026\" data-id=\"b5a2026\" data-element_type=\"column\">\n\t\t\t<div class=\"elementor-widget-wrap elementor-element-populated\">\n\t\t\t\t\t\t<div class=\"elementor-element elementor-element-977ae1a elementor-widget elementor-widget-heading\" data-id=\"977ae1a\" data-element_type=\"widget\" data-widget_type=\"heading.default\">\n\t\t\t\t<div class=\"elementor-widget-container\">\n\t\t\t\t\t<h2 class=\"elementor-heading-title elementor-size-default\">V\u00e5re tilsette<\/h2>\t\t\t\t<\/div>\n\t\t\t\t<\/div>\n\t\t\t\t\t<\/div>\n\t\t<\/div>\n\t\t\t\t<div class=\"elementor-column elementor-col-50 elementor-inner-column elementor-element elementor-element-cede77d\" data-id=\"cede77d\" data-element_type=\"column\">\n\t\t\t<div class=\"elementor-widget-wrap\">\n\t\t\t\t\t\t\t<\/div>\n\t\t<\/div>\n\t\t\t\t\t<\/div>\n\t\t<\/section>\n\t\t\t\t\t<\/div>\n\t\t<\/div>\n\t\t\t\t\t<\/div>\n\t\t<\/section>\n\t\t\t\t<section class=\"elementor-section elementor-top-section elementor-element elementor-element-64cc196 elementor-section-boxed elementor-section-height-default elementor-section-height-default\" data-id=\"64cc196\" data-element_type=\"section\">\n\t\t\t\t\t\t<div class=\"elementor-container elementor-column-gap-default\">\n\t\t\t\t\t<div class=\"elementor-column elementor-col-33 elementor-top-column elementor-element elementor-element-88a4fba\" data-id=\"88a4fba\" data-element_type=\"column\">\n\t\t\t<div class=\"elementor-widget-wrap elementor-element-populated\">\n\t\t\t\t\t\t<div class=\"elementor-element elementor-element-150bdbd elementor-widget elementor-widget-spacer\" data-id=\"150bdbd\" data-element_type=\"widget\" data-widget_type=\"spacer.default\">\n\t\t\t\t<div class=\"elementor-widget-container\">\n\t\t\t\t\t\t\t<div class=\"elementor-spacer\">\n\t\t\t<div class=\"elementor-spacer-inner\"><\/div>\n\t\t<\/div>\n\t\t\t\t\t\t<\/div>\n\t\t\t\t<\/div>\n\t\t\t\t<div class=\"elementor-element elementor-element-185f2de elementor-widget elementor-widget-image\" data-id=\"185f2de\" data-element_type=\"widget\" data-widget_type=\"image.default\">\n\t\t\t\t<div class=\"elementor-widget-container\">\n\t\t\t\t\t\t\t\t\t\t\t\t\t\t\t<img decoding=\"async\" width=\"300\" height=\"300\" src=\"https:\/\/nordlobasis.ldp.no\/wp-content\/uploads\/2023\/04\/blank-profile-picture-g7bf41b4ab_1280-300x300.png\" class=\"attachment-medium size-medium wp-image-73\" alt=\"\" srcset=\"https:\/\/nordlobasis.ldp.no\/wp-content\/uploads\/2023\/04\/blank-profile-picture-g7bf41b4ab_1280-300x300.png 300w, https:\/\/nordlobasis.ldp.no\/wp-content\/uploads\/2023\/04\/blank-profile-picture-g7bf41b4ab_1280-1024x1024.png 1024w, https:\/\/nordlobasis.ldp.no\/wp-content\/uploads\/2023\/04\/blank-profile-picture-g7bf41b4ab_1280-150x150.png 150w, https:\/\/nordlobasis.ldp.no\/wp-content\/uploads\/2023\/04\/blank-profile-picture-g7bf41b4ab_1280-768x768.png 768w, https:\/\/nordlobasis.ldp.no\/wp-content\/uploads\/2023\/04\/blank-profile-picture-g7bf41b4ab_1280.png 1280w\" sizes=\"(max-width: 300px) 100vw, 300px\" \/>\t\t\t\t\t\t\t\t\t\t\t\t\t\t\t<\/div>\n\t\t\t\t<\/div>\n\t\t\t\t<div class=\"elementor-element elementor-element-00e1312 elementor-widget elementor-widget-spacer\" data-id=\"00e1312\" data-element_type=\"widget\" data-widget_type=\"spacer.default\">\n\t\t\t\t<div class=\"elementor-widget-container\">\n\t\t\t\t\t\t\t<div class=\"elementor-spacer\">\n\t\t\t<div class=\"elementor-spacer-inner\"><\/div>\n\t\t<\/div>\n\t\t\t\t\t\t<\/div>\n\t\t\t\t<\/div>\n\t\t\t\t<div class=\"elementor-element elementor-element-dbdab89 elementor-widget elementor-widget-heading\" data-id=\"dbdab89\" data-element_type=\"widget\" data-widget_type=\"heading.default\">\n\t\t\t\t<div class=\"elementor-widget-container\">\n\t\t\t\t\t<h4 class=\"elementor-heading-title elementor-size-default\">Ansatt Ansattsen<\/h4>\t\t\t\t<\/div>\n\t\t\t\t<\/div>\n\t\t\t\t<div class=\"elementor-element elementor-element-821ade8 elementor-widget elementor-widget-heading\" data-id=\"821ade8\" data-element_type=\"widget\" data-widget_type=\"heading.default\">\n\t\t\t\t<div class=\"elementor-widget-container\">\n\t\t\t\t\t<h5 class=\"elementor-heading-title elementor-size-medium\">Dagleg leiar<\/h5>\t\t\t\t<\/div>\n\t\t\t\t<\/div>\n\t\t\t\t<div class=\"elementor-element elementor-element-342a28d elementor-icon-list--layout-traditional elementor-list-item-link-full_width elementor-widget elementor-widget-icon-list\" data-id=\"342a28d\" data-element_type=\"widget\" data-widget_type=\"icon-list.default\">\n\t\t\t\t<div class=\"elementor-widget-container\">\n\t\t\t\t\t\t\t<ul class=\"elementor-icon-list-items\">\n\t\t\t\t\t\t\t<li class=\"elementor-icon-list-item\">\n\t\t\t\t\t\t\t\t\t\t\t<span class=\"elementor-icon-list-icon\">\n\t\t\t\t\t\t\t<i aria-hidden=\"true\" class=\"fas fa-phone-alt\"><\/i>\t\t\t\t\t\t<\/span>\n\t\t\t\t\t\t\t\t\t\t<span class=\"elementor-icon-list-text\">123 45 678<\/span>\n\t\t\t\t\t\t\t\t\t<\/li>\n\t\t\t\t\t\t\t\t<li class=\"elementor-icon-list-item\">\n\t\t\t\t\t\t\t\t\t\t\t<span class=\"elementor-icon-list-icon\">\n\t\t\t\t\t\t\t<i aria-hidden=\"true\" class=\"far fa-envelope\"><\/i>\t\t\t\t\t\t<\/span>\n\t\t\t\t\t\t\t\t\t\t<span class=\"elementor-icon-list-text\">mail@mailsen.no<\/span>\n\t\t\t\t\t\t\t\t\t<\/li>\n\t\t\t\t\t\t<\/ul>\n\t\t\t\t\t\t<\/div>\n\t\t\t\t<\/div>\n\t\t\t\t\t<\/div>\n\t\t<\/div>\n\t\t\t\t<div class=\"elementor-column elementor-col-33 elementor-top-column elementor-element elementor-element-18f7c35\" data-id=\"18f7c35\" data-element_type=\"column\">\n\t\t\t<div class=\"elementor-widget-wrap elementor-element-populated\">\n\t\t\t\t\t\t<div class=\"elementor-element elementor-element-13a6e00 elementor-widget elementor-widget-spacer\" data-id=\"13a6e00\" data-element_type=\"widget\" data-widget_type=\"spacer.default\">\n\t\t\t\t<div class=\"elementor-widget-container\">\n\t\t\t\t\t\t\t<div class=\"elementor-spacer\">\n\t\t\t<div class=\"elementor-spacer-inner\"><\/div>\n\t\t<\/div>\n\t\t\t\t\t\t<\/div>\n\t\t\t\t<\/div>\n\t\t\t\t<div class=\"elementor-element elementor-element-91e3493 elementor-widget elementor-widget-image\" data-id=\"91e3493\" data-element_type=\"widget\" data-widget_type=\"image.default\">\n\t\t\t\t<div class=\"elementor-widget-container\">\n\t\t\t\t\t\t\t\t\t\t\t\t\t\t\t<img decoding=\"async\" width=\"300\" height=\"300\" src=\"https:\/\/nordlobasis.ldp.no\/wp-content\/uploads\/2023\/04\/blank-profile-picture-g7bf41b4ab_1280-300x300.png\" class=\"attachment-medium size-medium wp-image-73\" alt=\"\" srcset=\"https:\/\/nordlobasis.ldp.no\/wp-content\/uploads\/2023\/04\/blank-profile-picture-g7bf41b4ab_1280-300x300.png 300w, https:\/\/nordlobasis.ldp.no\/wp-content\/uploads\/2023\/04\/blank-profile-picture-g7bf41b4ab_1280-1024x1024.png 1024w, https:\/\/nordlobasis.ldp.no\/wp-content\/uploads\/2023\/04\/blank-profile-picture-g7bf41b4ab_1280-150x150.png 150w, https:\/\/nordlobasis.ldp.no\/wp-content\/uploads\/2023\/04\/blank-profile-picture-g7bf41b4ab_1280-768x768.png 768w, https:\/\/nordlobasis.ldp.no\/wp-content\/uploads\/2023\/04\/blank-profile-picture-g7bf41b4ab_1280.png 1280w\" sizes=\"(max-width: 300px) 100vw, 300px\" \/>\t\t\t\t\t\t\t\t\t\t\t\t\t\t\t<\/div>\n\t\t\t\t<\/div>\n\t\t\t\t<div class=\"elementor-element elementor-element-60ca9dc elementor-widget elementor-widget-spacer\" data-id=\"60ca9dc\" data-element_type=\"widget\" data-widget_type=\"spacer.default\">\n\t\t\t\t<div class=\"elementor-widget-container\">\n\t\t\t\t\t\t\t<div class=\"elementor-spacer\">\n\t\t\t<div class=\"elementor-spacer-inner\"><\/div>\n\t\t<\/div>\n\t\t\t\t\t\t<\/div>\n\t\t\t\t<\/div>\n\t\t\t\t<div class=\"elementor-element elementor-element-9e7c7ad elementor-widget elementor-widget-heading\" data-id=\"9e7c7ad\" data-element_type=\"widget\" data-widget_type=\"heading.default\">\n\t\t\t\t<div class=\"elementor-widget-container\">\n\t\t\t\t\t<h4 class=\"elementor-heading-title elementor-size-default\">Ansatt Ansattsen<\/h4>\t\t\t\t<\/div>\n\t\t\t\t<\/div>\n\t\t\t\t<div class=\"elementor-element elementor-element-246cadb elementor-widget elementor-widget-heading\" data-id=\"246cadb\" data-element_type=\"widget\" data-widget_type=\"heading.default\">\n\t\t\t\t<div class=\"elementor-widget-container\">\n\t\t\t\t\t<h5 class=\"elementor-heading-title elementor-size-medium\">\u00d8konomileiar<\/h5>\t\t\t\t<\/div>\n\t\t\t\t<\/div>\n\t\t\t\t<div class=\"elementor-element elementor-element-e84a81d elementor-icon-list--layout-traditional elementor-list-item-link-full_width elementor-widget elementor-widget-icon-list\" data-id=\"e84a81d\" data-element_type=\"widget\" data-widget_type=\"icon-list.default\">\n\t\t\t\t<div class=\"elementor-widget-container\">\n\t\t\t\t\t\t\t<ul class=\"elementor-icon-list-items\">\n\t\t\t\t\t\t\t<li class=\"elementor-icon-list-item\">\n\t\t\t\t\t\t\t\t\t\t\t<span class=\"elementor-icon-list-icon\">\n\t\t\t\t\t\t\t<i aria-hidden=\"true\" class=\"fas fa-phone-alt\"><\/i>\t\t\t\t\t\t<\/span>\n\t\t\t\t\t\t\t\t\t\t<span class=\"elementor-icon-list-text\">123 45 678<\/span>\n\t\t\t\t\t\t\t\t\t<\/li>\n\t\t\t\t\t\t\t\t<li class=\"elementor-icon-list-item\">\n\t\t\t\t\t\t\t\t\t\t\t<span class=\"elementor-icon-list-icon\">\n\t\t\t\t\t\t\t<i aria-hidden=\"true\" class=\"far fa-envelope\"><\/i>\t\t\t\t\t\t<\/span>\n\t\t\t\t\t\t\t\t\t\t<span class=\"elementor-icon-list-text\">mail@mailsen.no<\/span>\n\t\t\t\t\t\t\t\t\t<\/li>\n\t\t\t\t\t\t<\/ul>\n\t\t\t\t\t\t<\/div>\n\t\t\t\t<\/div>\n\t\t\t\t\t<\/div>\n\t\t<\/div>\n\t\t\t\t<div class=\"elementor-column elementor-col-33 elementor-top-column elementor-element elementor-element-4b306bc\" data-id=\"4b306bc\" data-element_type=\"column\">\n\t\t\t<div class=\"elementor-widget-wrap elementor-element-populated\">\n\t\t\t\t\t\t<div class=\"elementor-element elementor-element-839940f elementor-widget elementor-widget-spacer\" data-id=\"839940f\" data-element_type=\"widget\" data-widget_type=\"spacer.default\">\n\t\t\t\t<div class=\"elementor-widget-container\">\n\t\t\t\t\t\t\t<div class=\"elementor-spacer\">\n\t\t\t<div class=\"elementor-spacer-inner\"><\/div>\n\t\t<\/div>\n\t\t\t\t\t\t<\/div>\n\t\t\t\t<\/div>\n\t\t\t\t<div class=\"elementor-element elementor-element-dc6ef8f elementor-widget elementor-widget-image\" data-id=\"dc6ef8f\" data-element_type=\"widget\" data-widget_type=\"image.default\">\n\t\t\t\t<div class=\"elementor-widget-container\">\n\t\t\t\t\t\t\t\t\t\t\t\t\t\t\t<img decoding=\"async\" width=\"300\" height=\"300\" src=\"https:\/\/nordlobasis.ldp.no\/wp-content\/uploads\/2023\/04\/blank-profile-picture-g7bf41b4ab_1280-300x300.png\" class=\"attachment-medium size-medium wp-image-73\" alt=\"\" srcset=\"https:\/\/nordlobasis.ldp.no\/wp-content\/uploads\/2023\/04\/blank-profile-picture-g7bf41b4ab_1280-300x300.png 300w, https:\/\/nordlobasis.ldp.no\/wp-content\/uploads\/2023\/04\/blank-profile-picture-g7bf41b4ab_1280-1024x1024.png 1024w, https:\/\/nordlobasis.ldp.no\/wp-content\/uploads\/2023\/04\/blank-profile-picture-g7bf41b4ab_1280-150x150.png 150w, https:\/\/nordlobasis.ldp.no\/wp-content\/uploads\/2023\/04\/blank-profile-picture-g7bf41b4ab_1280-768x768.png 768w, https:\/\/nordlobasis.ldp.no\/wp-content\/uploads\/2023\/04\/blank-profile-picture-g7bf41b4ab_1280.png 1280w\" sizes=\"(max-width: 300px) 100vw, 300px\" \/>\t\t\t\t\t\t\t\t\t\t\t\t\t\t\t<\/div>\n\t\t\t\t<\/div>\n\t\t\t\t<div class=\"elementor-element elementor-element-b115cc1 elementor-widget elementor-widget-spacer\" data-id=\"b115cc1\" data-element_type=\"widget\" data-widget_type=\"spacer.default\">\n\t\t\t\t<div class=\"elementor-widget-container\">\n\t\t\t\t\t\t\t<div class=\"elementor-spacer\">\n\t\t\t<div class=\"elementor-spacer-inner\"><\/div>\n\t\t<\/div>\n\t\t\t\t\t\t<\/div>\n\t\t\t\t<\/div>\n\t\t\t\t<div class=\"elementor-element elementor-element-77581a3 elementor-widget elementor-widget-heading\" data-id=\"77581a3\" data-element_type=\"widget\" data-widget_type=\"heading.default\">\n\t\t\t\t<div class=\"elementor-widget-container\">\n\t\t\t\t\t<h4 class=\"elementor-heading-title elementor-size-default\">Ansatt Ansattsen<\/h4>\t\t\t\t<\/div>\n\t\t\t\t<\/div>\n\t\t\t\t<div class=\"elementor-element elementor-element-71a9ff6 elementor-widget elementor-widget-heading\" data-id=\"71a9ff6\" data-element_type=\"widget\" data-widget_type=\"heading.default\">\n\t\t\t\t<div class=\"elementor-widget-container\">\n\t\t\t\t\t<h5 class=\"elementor-heading-title elementor-size-medium\">Prosjektleiar<\/h5>\t\t\t\t<\/div>\n\t\t\t\t<\/div>\n\t\t\t\t<div class=\"elementor-element elementor-element-72a727b elementor-icon-list--layout-traditional elementor-list-item-link-full_width elementor-widget elementor-widget-icon-list\" data-id=\"72a727b\" data-element_type=\"widget\" data-widget_type=\"icon-list.default\">\n\t\t\t\t<div class=\"elementor-widget-container\">\n\t\t\t\t\t\t\t<ul class=\"elementor-icon-list-items\">\n\t\t\t\t\t\t\t<li class=\"elementor-icon-list-item\">\n\t\t\t\t\t\t\t\t\t\t\t<span class=\"elementor-icon-list-icon\">\n\t\t\t\t\t\t\t<i aria-hidden=\"true\" class=\"fas fa-phone-alt\"><\/i>\t\t\t\t\t\t<\/span>\n\t\t\t\t\t\t\t\t\t\t<span class=\"elementor-icon-list-text\">123 45 678<\/span>\n\t\t\t\t\t\t\t\t\t<\/li>\n\t\t\t\t\t\t\t\t<li class=\"elementor-icon-list-item\">\n\t\t\t\t\t\t\t\t\t\t\t<span class=\"elementor-icon-list-icon\">\n\t\t\t\t\t\t\t<i aria-hidden=\"true\" class=\"far fa-envelope\"><\/i>\t\t\t\t\t\t<\/span>\n\t\t\t\t\t\t\t\t\t\t<span class=\"elementor-icon-list-text\">mail@mailsen.no<\/span>\n\t\t\t\t\t\t\t\t\t<\/li>\n\t\t\t\t\t\t<\/ul>\n\t\t\t\t\t\t<\/div>\n\t\t\t\t<\/div>\n\t\t\t\t\t<\/div>\n\t\t<\/div>\n\t\t\t\t\t<\/div>\n\t\t<\/section>\n\t\t\t\t<section class=\"elementor-section elementor-top-section elementor-element elementor-element-443078d elementor-section-boxed elementor-section-height-default elementor-section-height-default\" data-id=\"443078d\" data-element_type=\"section\">\n\t\t\t\t\t\t<div class=\"elementor-container elementor-column-gap-default\">\n\t\t\t\t\t<div class=\"elementor-column elementor-col-100 elementor-top-column elementor-element elementor-element-32bd352\" data-id=\"32bd352\" data-element_type=\"column\">\n\t\t\t<div class=\"elementor-widget-wrap elementor-element-populated\">\n\t\t\t\t\t\t<div class=\"elementor-element elementor-element-3b95249 elementor-widget elementor-widget-spacer\" data-id=\"3b95249\" data-element_type=\"widget\" data-widget_type=\"spacer.default\">\n\t\t\t\t<div class=\"elementor-widget-container\">\n\t\t\t\t\t\t\t<div class=\"elementor-spacer\">\n\t\t\t<div class=\"elementor-spacer-inner\"><\/div>\n\t\t<\/div>\n\t\t\t\t\t\t<\/div>\n\t\t\t\t<\/div>\n\t\t\t\t<section class=\"elementor-section elementor-inner-section elementor-element elementor-element-4bd7688 elementor-section-boxed elementor-section-height-default elementor-section-height-default\" data-id=\"4bd7688\" data-element_type=\"section\">\n\t\t\t\t\t\t<div class=\"elementor-container elementor-column-gap-default\">\n\t\t\t\t\t<div class=\"elementor-column elementor-col-50 elementor-inner-column elementor-element elementor-element-ad327db\" data-id=\"ad327db\" data-element_type=\"column\">\n\t\t\t<div class=\"elementor-widget-wrap\">\n\t\t\t\t\t\t\t<\/div>\n\t\t<\/div>\n\t\t\t\t<div class=\"elementor-column elementor-col-50 elementor-inner-column elementor-element elementor-element-cf59c45\" data-id=\"cf59c45\" data-element_type=\"column\">\n\t\t\t<div class=\"elementor-widget-wrap\">\n\t\t\t\t\t\t\t<\/div>\n\t\t<\/div>\n\t\t\t\t\t<\/div>\n\t\t<\/section>\n\t\t\t\t\t<\/div>\n\t\t<\/div>\n\t\t\t\t\t<\/div>\n\t\t<\/section>\n\t\t\t\t<\/div>\n\t\t","protected":false},"excerpt":{"rendered":"<p>Om oss Velkomen til [Namnet p\u00e5 bedrifta]! Vi er ein [bransje]-bedrift som er stolte av \u00e5 tilby [produkt\/teneste] av h\u00f8g kvalitet til kundane v\u00e5re. Visjonen v\u00e5r er \u00e5 [beskriv bedriftas visjon], og vi jobbar hardt kvar dag for \u00e5 oppn\u00e5 dette m\u00e5let. [Bedriftas navn] vart grunnlagt i [\u00e5rstal] av [namn p\u00e5 grunnleggjaren\/grunnleggjarane] med ein visjon [&hellip;]<\/p>\n","protected":false},"author":1,"featured_media":0,"parent":0,"menu_order":0,"comment_status":"closed","ping_status":"closed","template":"","meta":{"footnotes":""},"class_list":["post-14","page","type-page","status-publish","hentry"],"_links":{"self":[{"href":"https:\/\/nordlobasis.ldp.no\/index.php?rest_route=\/wp\/v2\/pages\/14","targetHints":{"allow":["GET"]}}],"collection":[{"href":"https:\/\/nordlobasis.ldp.no\/index.php?rest_route=\/wp\/v2\/pages"}],"about":[{"href":"https:\/\/nordlobasis.ldp.no\/index.php?rest_route=\/wp\/v2\/types\/page"}],"author":[{"embeddable":true,"href":"https:\/\/nordlobasis.ldp.no\/index.php?rest_route=\/wp\/v2\/users\/1"}],"replies":[{"embeddable":true,"href":"https:\/\/nordlobasis.ldp.no\/index.php?rest_route=%2Fwp%2Fv2%2Fcomments&post=14"}],"version-history":[{"count":38,"href":"https:\/\/nordlobasis.ldp.no\/index.php?rest_route=\/wp\/v2\/pages\/14\/revisions"}],"predecessor-version":[{"id":191,"href":"https:\/\/nordlobasis.ldp.no\/index.php?rest_route=\/wp\/v2\/pages\/14\/revisions\/191"}],"wp:attachment":[{"href":"https:\/\/nordlobasis.ldp.no\/index.php?rest_route=%2Fwp%2Fv2%2Fmedia&parent=14"}],"curies":[{"name":"wp","href":"https:\/\/api.w.org\/{rel}","templated":true}]}}